{"id":97,"date":"2026-01-16T18:58:44","date_gmt":"2026-01-16T17:58:44","guid":{"rendered":"https:\/\/carolabark.de\/?page_id=97"},"modified":"2026-01-16T18:58:45","modified_gmt":"2026-01-16T17:58:45","slug":"glaenzende-zeit","status":"publish","type":"page","link":"https:\/\/carolabark.de\/?page_id=97","title":{"rendered":"gl\u00e4nzende Zeit"},"content":{"rendered":"\n<figure class=\"wp-block-image aligncenter size-full is-resized\"><img loading=\"lazy\" decoding=\"async\" width=\"2560\" height=\"1226\" src=\"https:\/\/carolabark.de\/wp-content\/uploads\/2026\/01\/glaenzende-zeit-ausstellungsansicht-2-scaled.jpg\" alt=\"\" class=\"wp-image-261\" style=\"width:673px;height:auto\" srcset=\"https:\/\/carolabark.de\/wp-content\/uploads\/2026\/01\/glaenzende-zeit-ausstellungsansicht-2-scaled.jpg 2560w, https:\/\/carolabark.de\/wp-content\/uploads\/2026\/01\/glaenzende-zeit-ausstellungsansicht-2-300x144.jpg 300w, https:\/\/carolabark.de\/wp-content\/uploads\/2026\/01\/glaenzende-zeit-ausstellungsansicht-2-1024x491.jpg 1024w, https:\/\/carolabark.de\/wp-content\/uploads\/2026\/01\/glaenzende-zeit-ausstellungsansicht-2-768x368.jpg 768w, https:\/\/carolabark.de\/wp-content\/uploads\/2026\/01\/glaenzende-zeit-ausstellungsansicht-2-1536x736.jpg 1536w, https:\/\/carolabark.de\/wp-content\/uploads\/2026\/01\/glaenzende-zeit-ausstellungsansicht-2-2048x981.jpg 2048w\" sizes=\"auto, (max-width: 2560px) 100vw, 2560px\" \/><figcaption class=\"wp-element-caption\">gl\u00e4nzende Zeit<br>Acrylplatten auf Holzkonsole, Gr\u00f6\u00dfe variabel auf 20 x 20 x 5 cm, Projektraum B\u00e4ckerkeller, Berlin, 2022<\/figcaption><\/figure>\n\n\n\n<p><\/p>\n","protected":false},"excerpt":{"rendered":"","protected":false},"author":1,"featured_media":0,"parent":0,"menu_order":0,"comment_status":"closed","ping_status":"closed","template":"","meta":{"footnotes":""},"class_list":["post-97","page","type-page","status-publish","hentry"],"blocksy_meta":[],"yoast_head":"<!-- This site is optimized with the Yoast SEO plugin v24.4 - https:\/\/yoast.com\/wordpress\/plugins\/seo\/ -->\n<title>gl\u00e4nzende Zeit - Carola Bark<\/title>\n<meta name=\"robots\" content=\"index, follow, max-snippet:-1, max-image-preview:large, max-video-preview:-1\" \/>\n<link rel=\"canonical\" href=\"https:\/\/carolabark.de\/?page_id=97\" \/>\n<meta property=\"og:locale\" content=\"de_DE\" \/>\n<meta property=\"og:type\" content=\"article\" \/>\n<meta property=\"og:title\" content=\"gl\u00e4nzende Zeit - Carola Bark\" \/>\n<meta property=\"og:url\" content=\"https:\/\/carolabark.de\/?page_id=97\" \/>\n<meta property=\"og:site_name\" content=\"Carola Bark\" \/>\n<meta property=\"article:modified_time\" content=\"2026-01-16T17:58:45+00:00\" \/>\n<meta property=\"og:image\" content=\"https:\/\/carolabark.de\/wp-content\/uploads\/2026\/01\/glaenzende-zeit-ausstellungsansicht-2-scaled.jpg\" \/>\n\t<meta property=\"og:image:width\" content=\"2560\" \/>\n\t<meta property=\"og:image:height\" content=\"1226\" \/>\n\t<meta property=\"og:image:type\" content=\"image\/jpeg\" \/>\n<meta name=\"twitter:card\" content=\"summary_large_image\" \/>\n<meta name=\"twitter:label1\" content=\"Gesch\u00e4tzte Lesezeit\" \/>\n\t<meta name=\"twitter:data1\" content=\"1\u00a0Minute\" \/>\n<script type=\"application\/ld+json\" class=\"yoast-schema-graph\">{\"@context\":\"https:\/\/schema.org\",\"@graph\":[{\"@type\":\"WebPage\",\"@id\":\"https:\/\/carolabark.de\/?page_id=97\",\"url\":\"https:\/\/carolabark.de\/?page_id=97\",\"name\":\"gl\u00e4nzende Zeit - Carola Bark\",\"isPartOf\":{\"@id\":\"https:\/\/carolabark.de\/#website\"},\"primaryImageOfPage\":{\"@id\":\"https:\/\/carolabark.de\/?page_id=97#primaryimage\"},\"image\":{\"@id\":\"https:\/\/carolabark.de\/?page_id=97#primaryimage\"},\"thumbnailUrl\":\"https:\/\/carolabark.de\/wp-content\/uploads\/2026\/01\/glaenzende-zeit-ausstellungsansicht-2-scaled.jpg\",\"datePublished\":\"2026-01-16T17:58:44+00:00\",\"dateModified\":\"2026-01-16T17:58:45+00:00\",\"breadcrumb\":{\"@id\":\"https:\/\/carolabark.de\/?page_id=97#breadcrumb\"},\"inLanguage\":\"de\",\"potentialAction\":[{\"@type\":\"ReadAction\",\"target\":[\"https:\/\/carolabark.de\/?page_id=97\"]}]},{\"@type\":\"ImageObject\",\"inLanguage\":\"de\",\"@id\":\"https:\/\/carolabark.de\/?page_id=97#primaryimage\",\"url\":\"https:\/\/carolabark.de\/wp-content\/uploads\/2026\/01\/glaenzende-zeit-ausstellungsansicht-2-scaled.jpg\",\"contentUrl\":\"https:\/\/carolabark.de\/wp-content\/uploads\/2026\/01\/glaenzende-zeit-ausstellungsansicht-2-scaled.jpg\",\"width\":2560,\"height\":1226},{\"@type\":\"BreadcrumbList\",\"@id\":\"https:\/\/carolabark.de\/?page_id=97#breadcrumb\",\"itemListElement\":[{\"@type\":\"ListItem\",\"position\":1,\"name\":\"Startseite\",\"item\":\"https:\/\/carolabark.de\/\"},{\"@type\":\"ListItem\",\"position\":2,\"name\":\"gl\u00e4nzende Zeit\"}]},{\"@type\":\"WebSite\",\"@id\":\"https:\/\/carolabark.de\/#website\",\"url\":\"https:\/\/carolabark.de\/\",\"name\":\"Carola Bark\",\"description\":\"\",\"potentialAction\":[{\"@type\":\"SearchAction\",\"target\":{\"@type\":\"EntryPoint\",\"urlTemplate\":\"https:\/\/carolabark.de\/?s={search_term_string}\"},\"query-input\":{\"@type\":\"PropertyValueSpecification\",\"valueRequired\":true,\"valueName\":\"search_term_string\"}}],\"inLanguage\":\"de\"}]}<\/script>\n<!-- \/ Yoast SEO plugin. -->","yoast_head_json":{"title":"gl\u00e4nzende Zeit - Carola Bark","robots":{"index":"index","follow":"follow","max-snippet":"max-snippet:-1","max-image-preview":"max-image-preview:large","max-video-preview":"max-video-preview:-1"},"canonical":"https:\/\/carolabark.de\/?page_id=97","og_locale":"de_DE","og_type":"article","og_title":"gl\u00e4nzende Zeit - Carola Bark","og_url":"https:\/\/carolabark.de\/?page_id=97","og_site_name":"Carola Bark","article_modified_time":"2026-01-16T17:58:45+00:00","og_image":[{"width":2560,"height":1226,"url":"https:\/\/carolabark.de\/wp-content\/uploads\/2026\/01\/glaenzende-zeit-ausstellungsansicht-2-scaled.jpg","type":"image\/jpeg"}],"twitter_card":"summary_large_image","twitter_misc":{"Gesch\u00e4tzte Lesezeit":"1\u00a0Minute"},"schema":{"@context":"https:\/\/schema.org","@graph":[{"@type":"WebPage","@id":"https:\/\/carolabark.de\/?page_id=97","url":"https:\/\/carolabark.de\/?page_id=97","name":"gl\u00e4nzende Zeit - Carola Bark","isPartOf":{"@id":"https:\/\/carolabark.de\/#website"},"primaryImageOfPage":{"@id":"https:\/\/carolabark.de\/?page_id=97#primaryimage"},"image":{"@id":"https:\/\/carolabark.de\/?page_id=97#primaryimage"},"thumbnailUrl":"https:\/\/carolabark.de\/wp-content\/uploads\/2026\/01\/glaenzende-zeit-ausstellungsansicht-2-scaled.jpg","datePublished":"2026-01-16T17:58:44+00:00","dateModified":"2026-01-16T17:58:45+00:00","breadcrumb":{"@id":"https:\/\/carolabark.de\/?page_id=97#breadcrumb"},"inLanguage":"de","potentialAction":[{"@type":"ReadAction","target":["https:\/\/carolabark.de\/?page_id=97"]}]},{"@type":"ImageObject","inLanguage":"de","@id":"https:\/\/carolabark.de\/?page_id=97#primaryimage","url":"https:\/\/carolabark.de\/wp-content\/uploads\/2026\/01\/glaenzende-zeit-ausstellungsansicht-2-scaled.jpg","contentUrl":"https:\/\/carolabark.de\/wp-content\/uploads\/2026\/01\/glaenzende-zeit-ausstellungsansicht-2-scaled.jpg","width":2560,"height":1226},{"@type":"BreadcrumbList","@id":"https:\/\/carolabark.de\/?page_id=97#breadcrumb","itemListElement":[{"@type":"ListItem","position":1,"name":"Startseite","item":"https:\/\/carolabark.de\/"},{"@type":"ListItem","position":2,"name":"gl\u00e4nzende Zeit"}]},{"@type":"WebSite","@id":"https:\/\/carolabark.de\/#website","url":"https:\/\/carolabark.de\/","name":"Carola Bark","description":"","potentialAction":[{"@type":"SearchAction","target":{"@type":"EntryPoint","urlTemplate":"https:\/\/carolabark.de\/?s={search_term_string}"},"query-input":{"@type":"PropertyValueSpecification","valueRequired":true,"valueName":"search_term_string"}}],"inLanguage":"de"}]}},"_links":{"self":[{"href":"https:\/\/carolabark.de\/index.php?rest_route=\/wp\/v2\/pages\/97","targetHints":{"allow":["GET"]}}],"collection":[{"href":"https:\/\/carolabark.de\/index.php?rest_route=\/wp\/v2\/pages"}],"about":[{"href":"https:\/\/carolabark.de\/index.php?rest_route=\/wp\/v2\/types\/page"}],"author":[{"embeddable":true,"href":"https:\/\/carolabark.de\/index.php?rest_route=\/wp\/v2\/users\/1"}],"replies":[{"embeddable":true,"href":"https:\/\/carolabark.de\/index.php?rest_route=%2Fwp%2Fv2%2Fcomments&post=97"}],"version-history":[{"count":2,"href":"https:\/\/carolabark.de\/index.php?rest_route=\/wp\/v2\/pages\/97\/revisions"}],"predecessor-version":[{"id":262,"href":"https:\/\/carolabark.de\/index.php?rest_route=\/wp\/v2\/pages\/97\/revisions\/262"}],"wp:attachment":[{"href":"https:\/\/carolabark.de\/index.php?rest_route=%2Fwp%2Fv2%2Fmedia&parent=97"}],"curies":[{"name":"wp","href":"https:\/\/api.w.org\/{rel}","templated":true}]}}