{"id":82,"date":"2025-11-18T12:51:25","date_gmt":"2025-11-18T11:51:25","guid":{"rendered":"https:\/\/carolabark.de\/?page_id=82"},"modified":"2025-11-18T12:51:25","modified_gmt":"2025-11-18T11:51:25","slug":"vita","status":"publish","type":"page","link":"https:\/\/carolabark.de\/?page_id=82","title":{"rendered":"Vita"},"content":{"rendered":"\n<p>1965 geboren in Berlin, lebt und arbeitet in Berlin<br>1986- 1998 Technische Assistentin f\u00fcr Chemie und Biologie<br>1995- 2001 Studium der Bildenden Kunst an der Hochschule der K\u00fcnste Berlin<br>2001 Ernennung zur Meistersch\u00fclerin<\/p>\n\n\n\n<p class=\"has-text-align-left\">Preise und Stipendien:<br>2021 NEUSTART KULTUR Stipendium, Stiftung Kulturwerk der VG Bild Kunst<br>2020 NEUSTART KULTUR Stipendium, Stiftung Kunstfonds Bonn<br>2013 Projektstipendium der K\u00e4the-Dorsch und Agnes-Straub-Stiftung<br>2011 Projektstipendium der K\u00e4the-Dorsch und Agnes-Straub-Stiftung<br>2007 Goldrausch K\u00fcnstlerinnenprojekt art IT<br>2001 Meistersch\u00fclerpreis des Pr\u00e4sidenten der Hochschule der K\u00fcnste Berlin<br>2000\/ 2001 Postgraduierten \u2013 Stipendium der Stadt Berlin ( NaF\u00f6G)<br>2000 F\u00f6rderpreis Sony\u2019s Heart 2000<br>1999 Erasmusstipendium Glasgow School of Art, Schottland<\/p>\n\n\n\n<p>Ausstellungen (Auswahl):<br>2025 Horizonte, Kunstverein Neuk\u00f6lln, Berlin<br>Wochenendausstellung mit Barbara Eitel, Atelier Barbara Eitel, Berlin<br>2024 Anonyme Zeichner, Kunstraum Kreuzberg, Berlin<br> Zoologischer Garten, Kunstverein Neuk\u00f6lln, Berlin<br>2023 Line- Up, Yun-Haus Berlin- Kladow<br>2022 Alltag und Ereignis, Projektraum B\u00e4ckerkeller, Berlin<br>2019 linie fl\u00e4che licht raum, 100 Jahre Bauhaus, Galerie Bernau<br>2018 Hommage \u00e0 Marwan in der Galerie Pankow<br>2017 MAGNET Galleries Melbourne, Australien<br> Lin Gallery, Yeosu, Republik S\u00fcdkorea<br> Gallery of Cheonghyangsil, Gwang-ju, Republik S\u00fcdkorea<br> Black Box &#8211; Faux Mouvement, Centre d&#8217;art contemporain, Metz, Frankreich<br>2015 open space, Berlin<br>2014 PRIME LINE, Gesellschaft f\u00fcr Kunst und Gestaltung e.V., Bonn<br> Lieber K\u00fcnstler, zeichne mir!, SEMJON CONTEMPORARY, Berlin, (Kat.)<br> SALON CABINET, SEMJON CONTEMPORARY, Berlin<br>2013 TIME IS NOW, Galerie Funke, Berlin<br>2012 same same \u2013 but different, Gesellschaft f\u00fcr Kunst und Gestaltung e.V., Bonn, (Kat.)<br>HERBST. ZEIT. LOSE, Gesellschaft f\u00fcr Kunst und Gestaltung e.V., Bonn<br>gangway, 25hours HafenCityHotel\/Hamburger Architektursommer, Hamburg (E)<br> consolasido, Galerie Funke, Berlin (E)<br>2011 AR\u00c0KHN\u00ca, Galerie Laurent Mueller, ParisNach Strich und Faden, the drawing lab, Berlin, (Kat.)<br>2010 Do not go beyond the yellow line, Braun und Hassenpflug, Berlin (E)<br>2009 Instaliacija, Palm\u00e8nkalnio galerija\/ Goethe Institut Vilnius, Litauen (E)<br>fully booked, HB Hotel Beethoven, Bonn ( Kat.)<br>Raum in Bewegung\/ Raumzeichnung, Hamburger Architektursommer\/<br>pp projects, Hamburg ( E)<br>Pour faire simple, ParisCONCRET, Paris<br>2008 Zur Kontingenz der Linie, Kunstraum Alexander B\u00fcrkle, Freiburg<br>Gegenstandslos, Gesellschaft f\u00fcr Kunst und Gestaltung e.V., Bonn<br>by the way, pp Galerie, Hamburg ( E)<br>the gardener\u2019s labyrinth, fruehsorge\/contemporary drawings, Berlin ( E)<br>2007 take me to the edge of heaven-Goldrausch 2007, Kunstraum<br>K\u00fcnstlerhaus Bethanien, Berlin ( Kat.)<br>mixed up world, fruehsorge\/contemporary drawings, Berlin<br>2006 Hauptsache wir bleiben zusammen, fruehsorge \/Galerie f\u00fcr Zeichnung,<br>Berlin<br>2005 EDITION 01#, Projektraum neuenhausen, Berlin<br>Raum \u2013 Zeichnung, Schr\u00f6derstr., Berlin ( E)<br>III Biennale Rawicz, Polen<br>Reliefs und Zeichnungen, Schr\u00f6derstr., Berlin ( E)<br>2004 Arbeiten 99 \u2013 04, fruehsorge \/Galerie f\u00fcr Zeichnung, Berlin ( E)<br>2002 Galerie Vostell, Berlin ( Kat.)<br>alleslinksherum \u2013 Glasgow \/ Berlin, xgarten, Berlin ( Publ.)<br>2001 ordini, Festival junger K\u00fcnstler Bayreuth (E, Publ.)<br>2000 Sony\u2019s heart 2000, Berlin (Kat.)<br>1999 Newbery Gallery, Glasgow, Schottland<\/p>\n","protected":false},"excerpt":{"rendered":"<p>1965 geboren in Berlin, lebt und arbeitet in Berlin1986- 1998 Technische Assistentin f\u00fcr Chemie und Biologie1995- 2001 Studium der Bildenden Kunst an der Hochschule der K\u00fcnste Berlin2001 Ernennung zur Meistersch\u00fclerin Preise und Stipendien:2021 NEUSTART KULTUR Stipendium, Stiftung Kulturwerk der VG Bild Kunst2020 NEUSTART KULTUR Stipendium, Stiftung Kunstfonds Bonn2013 Projektstipendium der K\u00e4the-Dorsch und Agnes-Straub-Stiftung2011 Projektstipendium der [&hellip;]<\/p>\n","protected":false},"author":1,"featured_media":0,"parent":0,"menu_order":100,"comment_status":"closed","ping_status":"closed","template":"","meta":{"footnotes":""},"class_list":["post-82","page","type-page","status-publish","hentry"],"blocksy_meta":[],"yoast_head":"<!-- This site is optimized with the Yoast SEO plugin v24.4 - https:\/\/yoast.com\/wordpress\/plugins\/seo\/ -->\n<title>Vita - Carola Bark<\/title>\n<meta name=\"robots\" content=\"index, follow, max-snippet:-1, max-image-preview:large, max-video-preview:-1\" \/>\n<link rel=\"canonical\" href=\"https:\/\/carolabark.de\/?page_id=82\" \/>\n<meta property=\"og:locale\" content=\"de_DE\" \/>\n<meta property=\"og:type\" content=\"article\" \/>\n<meta property=\"og:title\" content=\"Vita - Carola Bark\" \/>\n<meta property=\"og:description\" content=\"1965 geboren in Berlin, lebt und arbeitet in Berlin1986- 1998 Technische Assistentin f\u00fcr Chemie und Biologie1995- 2001 Studium der Bildenden Kunst an der Hochschule der K\u00fcnste Berlin2001 Ernennung zur Meistersch\u00fclerin Preise und Stipendien:2021 NEUSTART KULTUR Stipendium, Stiftung Kulturwerk der VG Bild Kunst2020 NEUSTART KULTUR Stipendium, Stiftung Kunstfonds Bonn2013 Projektstipendium der K\u00e4the-Dorsch und Agnes-Straub-Stiftung2011 Projektstipendium der [&hellip;]\" \/>\n<meta property=\"og:url\" content=\"https:\/\/carolabark.de\/?page_id=82\" \/>\n<meta property=\"og:site_name\" content=\"Carola Bark\" \/>\n<meta name=\"twitter:card\" content=\"summary_large_image\" \/>\n<meta name=\"twitter:label1\" content=\"Gesch\u00e4tzte Lesezeit\" \/>\n\t<meta name=\"twitter:data1\" content=\"3\u00a0Minuten\" \/>\n<script type=\"application\/ld+json\" class=\"yoast-schema-graph\">{\"@context\":\"https:\/\/schema.org\",\"@graph\":[{\"@type\":\"WebPage\",\"@id\":\"https:\/\/carolabark.de\/?page_id=82\",\"url\":\"https:\/\/carolabark.de\/?page_id=82\",\"name\":\"Vita - Carola Bark\",\"isPartOf\":{\"@id\":\"https:\/\/carolabark.de\/#website\"},\"datePublished\":\"2025-11-18T11:51:25+00:00\",\"breadcrumb\":{\"@id\":\"https:\/\/carolabark.de\/?page_id=82#breadcrumb\"},\"inLanguage\":\"de\",\"potentialAction\":[{\"@type\":\"ReadAction\",\"target\":[\"https:\/\/carolabark.de\/?page_id=82\"]}]},{\"@type\":\"BreadcrumbList\",\"@id\":\"https:\/\/carolabark.de\/?page_id=82#breadcrumb\",\"itemListElement\":[{\"@type\":\"ListItem\",\"position\":1,\"name\":\"Startseite\",\"item\":\"https:\/\/carolabark.de\/\"},{\"@type\":\"ListItem\",\"position\":2,\"name\":\"Vita\"}]},{\"@type\":\"WebSite\",\"@id\":\"https:\/\/carolabark.de\/#website\",\"url\":\"https:\/\/carolabark.de\/\",\"name\":\"Carola Bark\",\"description\":\"\",\"potentialAction\":[{\"@type\":\"SearchAction\",\"target\":{\"@type\":\"EntryPoint\",\"urlTemplate\":\"https:\/\/carolabark.de\/?s={search_term_string}\"},\"query-input\":{\"@type\":\"PropertyValueSpecification\",\"valueRequired\":true,\"valueName\":\"search_term_string\"}}],\"inLanguage\":\"de\"}]}<\/script>\n<!-- \/ Yoast SEO plugin. -->","yoast_head_json":{"title":"Vita - Carola Bark","robots":{"index":"index","follow":"follow","max-snippet":"max-snippet:-1","max-image-preview":"max-image-preview:large","max-video-preview":"max-video-preview:-1"},"canonical":"https:\/\/carolabark.de\/?page_id=82","og_locale":"de_DE","og_type":"article","og_title":"Vita - Carola Bark","og_description":"1965 geboren in Berlin, lebt und arbeitet in Berlin1986- 1998 Technische Assistentin f\u00fcr Chemie und Biologie1995- 2001 Studium der Bildenden Kunst an der Hochschule der K\u00fcnste Berlin2001 Ernennung zur Meistersch\u00fclerin Preise und Stipendien:2021 NEUSTART KULTUR Stipendium, Stiftung Kulturwerk der VG Bild Kunst2020 NEUSTART KULTUR Stipendium, Stiftung Kunstfonds Bonn2013 Projektstipendium der K\u00e4the-Dorsch und Agnes-Straub-Stiftung2011 Projektstipendium der [&hellip;]","og_url":"https:\/\/carolabark.de\/?page_id=82","og_site_name":"Carola Bark","twitter_card":"summary_large_image","twitter_misc":{"Gesch\u00e4tzte Lesezeit":"3\u00a0Minuten"},"schema":{"@context":"https:\/\/schema.org","@graph":[{"@type":"WebPage","@id":"https:\/\/carolabark.de\/?page_id=82","url":"https:\/\/carolabark.de\/?page_id=82","name":"Vita - Carola Bark","isPartOf":{"@id":"https:\/\/carolabark.de\/#website"},"datePublished":"2025-11-18T11:51:25+00:00","breadcrumb":{"@id":"https:\/\/carolabark.de\/?page_id=82#breadcrumb"},"inLanguage":"de","potentialAction":[{"@type":"ReadAction","target":["https:\/\/carolabark.de\/?page_id=82"]}]},{"@type":"BreadcrumbList","@id":"https:\/\/carolabark.de\/?page_id=82#breadcrumb","itemListElement":[{"@type":"ListItem","position":1,"name":"Startseite","item":"https:\/\/carolabark.de\/"},{"@type":"ListItem","position":2,"name":"Vita"}]},{"@type":"WebSite","@id":"https:\/\/carolabark.de\/#website","url":"https:\/\/carolabark.de\/","name":"Carola Bark","description":"","potentialAction":[{"@type":"SearchAction","target":{"@type":"EntryPoint","urlTemplate":"https:\/\/carolabark.de\/?s={search_term_string}"},"query-input":{"@type":"PropertyValueSpecification","valueRequired":true,"valueName":"search_term_string"}}],"inLanguage":"de"}]}},"_links":{"self":[{"href":"https:\/\/carolabark.de\/index.php?rest_route=\/wp\/v2\/pages\/82","targetHints":{"allow":["GET"]}}],"collection":[{"href":"https:\/\/carolabark.de\/index.php?rest_route=\/wp\/v2\/pages"}],"about":[{"href":"https:\/\/carolabark.de\/index.php?rest_route=\/wp\/v2\/types\/page"}],"author":[{"embeddable":true,"href":"https:\/\/carolabark.de\/index.php?rest_route=\/wp\/v2\/users\/1"}],"replies":[{"embeddable":true,"href":"https:\/\/carolabark.de\/index.php?rest_route=%2Fwp%2Fv2%2Fcomments&post=82"}],"version-history":[{"count":4,"href":"https:\/\/carolabark.de\/index.php?rest_route=\/wp\/v2\/pages\/82\/revisions"}],"predecessor-version":[{"id":228,"href":"https:\/\/carolabark.de\/index.php?rest_route=\/wp\/v2\/pages\/82\/revisions\/228"}],"wp:attachment":[{"href":"https:\/\/carolabark.de\/index.php?rest_route=%2Fwp%2Fv2%2Fmedia&parent=82"}],"curies":[{"name":"wp","href":"https:\/\/api.w.org\/{rel}","templated":true}]}}